{"id":132,"date":"2011-01-09T15:52:56","date_gmt":"2011-01-09T14:52:56","guid":{"rendered":"http:\/\/gc.x3.net\/wordpress\/?page_id=132"},"modified":"2011-05-10T13:41:51","modified_gmt":"2011-05-10T12:41:51","slug":"hotel-im-harz","status":"publish","type":"page","link":"https:\/\/www.byter.de\/wordpress\/?page_id=132","title":{"rendered":"Hotel im Harz"},"content":{"rendered":"<h2><strong>Harzer Gastlichkeit&#8230;<\/strong><\/h2>\n<p>&#8230;war nicht mehr wirklich zu sp\u00fcren, aber ein Hauch von ehemaligem Luxus gab es durchaus noch zu entdecken.<\/p>\n<p>Teil 2 der Bilderserie der gemeinsamen LP- und Foto-Tour mit Team JeMa zeigt Euch einige Bilder eines ehemaligenLuxushotels im Harz. Leider hatten wir nur begrenzt Zeit und die schlechten Lichtverh\u00e4ltnisse sowie die Schwierigkeit, mit Atemschutz und Brille fotografieren zu m\u00fcssen (versucht das mal! ;-)) f\u00fchrten leider zu recht hohem Ausschu\u00df, aber ein paar Aufnahmen sind denke ich trotzdem ganz sehenswert&#8230;<\/p>\n<!-- default-view.php -->\n<div\n\tclass=\"ngg-galleryoverview default-view \"\n\tid=\"ngg-gallery-d3b55693aaf098d72c1632527eed710a-1\">\n\n\t\t<!-- Thumbnails -->\n\t\t\t\t<div id=\"ngg-image-0\" class=\"ngg-gallery-thumbnail-box \" >\n\t\t\t\t        <div class=\"ngg-gallery-thumbnail\">\n            <a href=\"https:\/\/www.byter.de\/wordpress\/wp-content\/gallery\/hotel-im-harz\/eingangstur-1000h.jpg\"\n               title=\"Dreht\u00fcr am Haupteingang\"\n               data-src=\"https:\/\/www.byter.de\/wordpress\/wp-content\/gallery\/hotel-im-harz\/eingangstur-1000h.jpg\"\n               data-thumbnail=\"https:\/\/www.byter.de\/wordpress\/wp-content\/gallery\/hotel-im-harz\/thumbs\/thumbs_eingangstur-1000h.jpg\"\n               data-image-id=\"53\"\n               data-title=\"eingangstur-1000h\"\n               data-description=\"Dreht\u00fcr am Haupteingang\"\n               data-image-slug=\"eingangstur-1000h\"\n               class=\"ngg-fancybox\" rel=\"d3b55693aaf098d72c1632527eed710a\">\n                <img\n                    title=\"eingangstur-1000h\"\n                    alt=\"eingangstur-1000h\"\n                    src=\"https:\/\/www.byter.de\/wordpress\/wp-content\/gallery\/hotel-im-harz\/thumbs\/thumbs_eingangstur-1000h.jpg\"\n                    width=\"100\"\n                    height=\"75\"\n                    style=\"max-width:100%;\"\n                \/>\n            <\/a>\n        <\/div>\n\t\t\t\t\t\t\t<\/div> \n\t\t\t\n\t\t\t\t<div id=\"ngg-image-1\" class=\"ngg-gallery-thumbnail-box \" >\n\t\t\t\t        <div class=\"ngg-gallery-thumbnail\">\n            <a href=\"https:\/\/www.byter.de\/wordpress\/wp-content\/gallery\/hotel-im-harz\/saaltur-1000h.jpg\"\n               title=\"Blick in den Saal\"\n               data-src=\"https:\/\/www.byter.de\/wordpress\/wp-content\/gallery\/hotel-im-harz\/saaltur-1000h.jpg\"\n               data-thumbnail=\"https:\/\/www.byter.de\/wordpress\/wp-content\/gallery\/hotel-im-harz\/thumbs\/thumbs_saaltur-1000h.jpg\"\n               data-image-id=\"61\"\n               data-title=\"saaltur-1000h\"\n               data-description=\"Blick in den Saal\"\n               data-image-slug=\"saaltur-1000h\"\n               class=\"ngg-fancybox\" rel=\"d3b55693aaf098d72c1632527eed710a\">\n                <img\n                    title=\"saaltur-1000h\"\n                    alt=\"saaltur-1000h\"\n                    src=\"https:\/\/www.byter.de\/wordpress\/wp-content\/gallery\/hotel-im-harz\/thumbs\/thumbs_saaltur-1000h.jpg\"\n                    width=\"100\"\n                    height=\"75\"\n                    style=\"max-width:100%;\"\n                \/>\n            <\/a>\n        <\/div>\n\t\t\t\t\t\t\t<\/div> \n\t\t\t\n\t\t\t\t<div id=\"ngg-image-2\" class=\"ngg-gallery-thumbnail-box \" >\n\t\t\t\t        <div class=\"ngg-gallery-thumbnail\">\n            <a href=\"https:\/\/www.byter.de\/wordpress\/wp-content\/gallery\/hotel-im-harz\/wintergarten-1400.jpg\"\n               title=\"Wintergarten\"\n               data-src=\"https:\/\/www.byter.de\/wordpress\/wp-content\/gallery\/hotel-im-harz\/wintergarten-1400.jpg\"\n               data-thumbnail=\"https:\/\/www.byter.de\/wordpress\/wp-content\/gallery\/hotel-im-harz\/thumbs\/thumbs_wintergarten-1400.jpg\"\n               data-image-id=\"67\"\n               data-title=\"wintergarten-1400\"\n               data-description=\"Wintergarten\"\n               data-image-slug=\"wintergarten-1400\"\n               class=\"ngg-fancybox\" rel=\"d3b55693aaf098d72c1632527eed710a\">\n                <img\n                    title=\"wintergarten-1400\"\n                    alt=\"wintergarten-1400\"\n                    src=\"https:\/\/www.byter.de\/wordpress\/wp-content\/gallery\/hotel-im-harz\/thumbs\/thumbs_wintergarten-1400.jpg\"\n                    width=\"100\"\n                    height=\"75\"\n                    style=\"max-width:100%;\"\n                \/>\n            <\/a>\n        <\/div>\n\t\t\t\t\t\t\t<\/div> \n\t\t\t\n\t\t\t\t<div id=\"ngg-image-3\" class=\"ngg-gallery-thumbnail-box \" >\n\t\t\t\t        <div class=\"ngg-gallery-thumbnail\">\n            <a href=\"https:\/\/www.byter.de\/wordpress\/wp-content\/gallery\/hotel-im-harz\/kellerbar1-1400.jpg\"\n               title=\"It\u00b4s Disco Time!\"\n               data-src=\"https:\/\/www.byter.de\/wordpress\/wp-content\/gallery\/hotel-im-harz\/kellerbar1-1400.jpg\"\n               data-thumbnail=\"https:\/\/www.byter.de\/wordpress\/wp-content\/gallery\/hotel-im-harz\/thumbs\/thumbs_kellerbar1-1400.jpg\"\n               data-image-id=\"55\"\n               data-title=\"kellerbar1-1400\"\n               data-description=\"It\u00b4s Disco Time!\"\n               data-image-slug=\"kellerbar1-1400\"\n               class=\"ngg-fancybox\" rel=\"d3b55693aaf098d72c1632527eed710a\">\n                <img\n                    title=\"kellerbar1-1400\"\n                    alt=\"kellerbar1-1400\"\n                    src=\"https:\/\/www.byter.de\/wordpress\/wp-content\/gallery\/hotel-im-harz\/thumbs\/thumbs_kellerbar1-1400.jpg\"\n                    width=\"100\"\n                    height=\"75\"\n                    style=\"max-width:100%;\"\n                \/>\n            <\/a>\n        <\/div>\n\t\t\t\t\t\t\t<\/div> \n\t\t\t\n\t\t\t\t<div id=\"ngg-image-4\" class=\"ngg-gallery-thumbnail-box \" >\n\t\t\t\t        <div class=\"ngg-gallery-thumbnail\">\n            <a href=\"https:\/\/www.byter.de\/wordpress\/wp-content\/gallery\/hotel-im-harz\/telefonzentrale-1400.jpg\"\n               title=\"Moderne Kommunikationszentrale...\"\n               data-src=\"https:\/\/www.byter.de\/wordpress\/wp-content\/gallery\/hotel-im-harz\/telefonzentrale-1400.jpg\"\n               data-thumbnail=\"https:\/\/www.byter.de\/wordpress\/wp-content\/gallery\/hotel-im-harz\/thumbs\/thumbs_telefonzentrale-1400.jpg\"\n               data-image-id=\"63\"\n               data-title=\"telefonzentrale-1400\"\n               data-description=\"Moderne Kommunikationszentrale...\"\n               data-image-slug=\"telefonzentrale-1400\"\n               class=\"ngg-fancybox\" rel=\"d3b55693aaf098d72c1632527eed710a\">\n                <img\n                    title=\"telefonzentrale-1400\"\n                    alt=\"telefonzentrale-1400\"\n                    src=\"https:\/\/www.byter.de\/wordpress\/wp-content\/gallery\/hotel-im-harz\/thumbs\/thumbs_telefonzentrale-1400.jpg\"\n                    width=\"100\"\n                    height=\"75\"\n                    style=\"max-width:100%;\"\n                \/>\n            <\/a>\n        <\/div>\n\t\t\t\t\t\t\t<\/div> \n\t\t\t\n\t\t\t\t<div id=\"ngg-image-5\" class=\"ngg-gallery-thumbnail-box \" >\n\t\t\t\t        <div class=\"ngg-gallery-thumbnail\">\n            <a href=\"https:\/\/www.byter.de\/wordpress\/wp-content\/gallery\/hotel-im-harz\/schlitten-1400.jpg\"\n               title=\"Schlittenfahr\u00b4n\"\n               data-src=\"https:\/\/www.byter.de\/wordpress\/wp-content\/gallery\/hotel-im-harz\/schlitten-1400.jpg\"\n               data-thumbnail=\"https:\/\/www.byter.de\/wordpress\/wp-content\/gallery\/hotel-im-harz\/thumbs\/thumbs_schlitten-1400.jpg\"\n               data-image-id=\"62\"\n               data-title=\"schlitten-1400\"\n               data-description=\"Schlittenfahr\u00b4n\"\n               data-image-slug=\"schlitten-1400\"\n               class=\"ngg-fancybox\" rel=\"d3b55693aaf098d72c1632527eed710a\">\n                <img\n                    title=\"schlitten-1400\"\n                    alt=\"schlitten-1400\"\n                    src=\"https:\/\/www.byter.de\/wordpress\/wp-content\/gallery\/hotel-im-harz\/thumbs\/thumbs_schlitten-1400.jpg\"\n                    width=\"100\"\n                    height=\"75\"\n                    style=\"max-width:100%;\"\n                \/>\n            <\/a>\n        <\/div>\n\t\t\t\t\t\t\t<\/div> \n\t\t\t\n\t\t\t\t<div id=\"ngg-image-6\" class=\"ngg-gallery-thumbnail-box \" >\n\t\t\t\t        <div class=\"ngg-gallery-thumbnail\">\n            <a href=\"https:\/\/www.byter.de\/wordpress\/wp-content\/gallery\/hotel-im-harz\/vitrine2-1000h.jpg\"\n               title=\"Sekt statt Selters\"\n               data-src=\"https:\/\/www.byter.de\/wordpress\/wp-content\/gallery\/hotel-im-harz\/vitrine2-1000h.jpg\"\n               data-thumbnail=\"https:\/\/www.byter.de\/wordpress\/wp-content\/gallery\/hotel-im-harz\/thumbs\/thumbs_vitrine2-1000h.jpg\"\n               data-image-id=\"66\"\n               data-title=\"vitrine2-1000h\"\n               data-description=\"Sekt statt Selters\"\n               data-image-slug=\"vitrine2-1000h\"\n               class=\"ngg-fancybox\" rel=\"d3b55693aaf098d72c1632527eed710a\">\n                <img\n                    title=\"vitrine2-1000h\"\n                    alt=\"vitrine2-1000h\"\n                    src=\"https:\/\/www.byter.de\/wordpress\/wp-content\/gallery\/hotel-im-harz\/thumbs\/thumbs_vitrine2-1000h.jpg\"\n                    width=\"100\"\n                    height=\"75\"\n                    style=\"max-width:100%;\"\n                \/>\n            <\/a>\n        <\/div>\n\t\t\t\t\t\t\t<\/div> \n\t\t\t\n\t\t\t\t<div id=\"ngg-image-7\" class=\"ngg-gallery-thumbnail-box \" >\n\t\t\t\t        <div class=\"ngg-gallery-thumbnail\">\n            <a href=\"https:\/\/www.byter.de\/wordpress\/wp-content\/gallery\/hotel-im-harz\/keller2-1400.jpg\"\n               title=\"Keller-Einblicke\"\n               data-src=\"https:\/\/www.byter.de\/wordpress\/wp-content\/gallery\/hotel-im-harz\/keller2-1400.jpg\"\n               data-thumbnail=\"https:\/\/www.byter.de\/wordpress\/wp-content\/gallery\/hotel-im-harz\/thumbs\/thumbs_keller2-1400.jpg\"\n               data-image-id=\"54\"\n               data-title=\"keller2-1400\"\n               data-description=\"Keller-Einblicke\"\n               data-image-slug=\"keller2-1400\"\n               class=\"ngg-fancybox\" rel=\"d3b55693aaf098d72c1632527eed710a\">\n                <img\n                    title=\"keller2-1400\"\n                    alt=\"keller2-1400\"\n                    src=\"https:\/\/www.byter.de\/wordpress\/wp-content\/gallery\/hotel-im-harz\/thumbs\/thumbs_keller2-1400.jpg\"\n                    width=\"100\"\n                    height=\"75\"\n                    style=\"max-width:100%;\"\n                \/>\n            <\/a>\n        <\/div>\n\t\t\t\t\t\t\t<\/div> \n\t\t\t\n\t\t\t\t<div id=\"ngg-image-8\" class=\"ngg-gallery-thumbnail-box \" >\n\t\t\t\t        <div class=\"ngg-gallery-thumbnail\">\n            <a href=\"https:\/\/www.byter.de\/wordpress\/wp-content\/gallery\/hotel-im-harz\/kuche1-1000h.jpg\"\n               title=\"Gro\u00dfk\u00fcche\"\n               data-src=\"https:\/\/www.byter.de\/wordpress\/wp-content\/gallery\/hotel-im-harz\/kuche1-1000h.jpg\"\n               data-thumbnail=\"https:\/\/www.byter.de\/wordpress\/wp-content\/gallery\/hotel-im-harz\/thumbs\/thumbs_kuche1-1000h.jpg\"\n               data-image-id=\"56\"\n               data-title=\"kuche1-1000h\"\n               data-description=\"Gro\u00dfk\u00fcche\"\n               data-image-slug=\"kuche1-1000h\"\n               class=\"ngg-fancybox\" rel=\"d3b55693aaf098d72c1632527eed710a\">\n                <img\n                    title=\"kuche1-1000h\"\n                    alt=\"kuche1-1000h\"\n                    src=\"https:\/\/www.byter.de\/wordpress\/wp-content\/gallery\/hotel-im-harz\/thumbs\/thumbs_kuche1-1000h.jpg\"\n                    width=\"100\"\n                    height=\"75\"\n                    style=\"max-width:100%;\"\n                \/>\n            <\/a>\n        <\/div>\n\t\t\t\t\t\t\t<\/div> \n\t\t\t\n\t\t\t\t<div id=\"ngg-image-9\" class=\"ngg-gallery-thumbnail-box \" >\n\t\t\t\t        <div class=\"ngg-gallery-thumbnail\">\n            <a href=\"https:\/\/www.byter.de\/wordpress\/wp-content\/gallery\/hotel-im-harz\/kuche2-1400.jpg\"\n               title=\"Abwaschmaschine :)\"\n               data-src=\"https:\/\/www.byter.de\/wordpress\/wp-content\/gallery\/hotel-im-harz\/kuche2-1400.jpg\"\n               data-thumbnail=\"https:\/\/www.byter.de\/wordpress\/wp-content\/gallery\/hotel-im-harz\/thumbs\/thumbs_kuche2-1400.jpg\"\n               data-image-id=\"57\"\n               data-title=\"kuche2-1400\"\n               data-description=\"Abwaschmaschine :)\"\n               data-image-slug=\"kuche2-1400\"\n               class=\"ngg-fancybox\" rel=\"d3b55693aaf098d72c1632527eed710a\">\n                <img\n                    title=\"kuche2-1400\"\n                    alt=\"kuche2-1400\"\n                    src=\"https:\/\/www.byter.de\/wordpress\/wp-content\/gallery\/hotel-im-harz\/thumbs\/thumbs_kuche2-1400.jpg\"\n                    width=\"100\"\n                    height=\"75\"\n                    style=\"max-width:100%;\"\n                \/>\n            <\/a>\n        <\/div>\n\t\t\t\t\t\t\t<\/div> \n\t\t\t\n\t\t\t\t<div id=\"ngg-image-10\" class=\"ngg-gallery-thumbnail-box \" >\n\t\t\t\t        <div class=\"ngg-gallery-thumbnail\">\n            <a href=\"https:\/\/www.byter.de\/wordpress\/wp-content\/gallery\/hotel-im-harz\/riesling-1400.jpg\"\n               title=\"Riesling\"\n               data-src=\"https:\/\/www.byter.de\/wordpress\/wp-content\/gallery\/hotel-im-harz\/riesling-1400.jpg\"\n               data-thumbnail=\"https:\/\/www.byter.de\/wordpress\/wp-content\/gallery\/hotel-im-harz\/thumbs\/thumbs_riesling-1400.jpg\"\n               data-image-id=\"58\"\n               data-title=\"riesling-1400\"\n               data-description=\"Riesling\"\n               data-image-slug=\"riesling-1400\"\n               class=\"ngg-fancybox\" rel=\"d3b55693aaf098d72c1632527eed710a\">\n                <img\n                    title=\"riesling-1400\"\n                    alt=\"riesling-1400\"\n                    src=\"https:\/\/www.byter.de\/wordpress\/wp-content\/gallery\/hotel-im-harz\/thumbs\/thumbs_riesling-1400.jpg\"\n                    width=\"100\"\n                    height=\"75\"\n                    style=\"max-width:100%;\"\n                \/>\n            <\/a>\n        <\/div>\n\t\t\t\t\t\t\t<\/div> \n\t\t\t\n\t\t\t\t<div id=\"ngg-image-11\" class=\"ngg-gallery-thumbnail-box \" >\n\t\t\t\t        <div class=\"ngg-gallery-thumbnail\">\n            <a href=\"https:\/\/www.byter.de\/wordpress\/wp-content\/gallery\/hotel-im-harz\/romerpils-1400.jpg\"\n               title=\"Es gab nicht nur Sekt und Champagner...\"\n               data-src=\"https:\/\/www.byter.de\/wordpress\/wp-content\/gallery\/hotel-im-harz\/romerpils-1400.jpg\"\n               data-thumbnail=\"https:\/\/www.byter.de\/wordpress\/wp-content\/gallery\/hotel-im-harz\/thumbs\/thumbs_romerpils-1400.jpg\"\n               data-image-id=\"59\"\n               data-title=\"romerpils-1400\"\n               data-description=\"Es gab nicht nur Sekt und Champagner...\"\n               data-image-slug=\"romerpils-1400\"\n               class=\"ngg-fancybox\" rel=\"d3b55693aaf098d72c1632527eed710a\">\n                <img\n                    title=\"romerpils-1400\"\n                    alt=\"romerpils-1400\"\n                    src=\"https:\/\/www.byter.de\/wordpress\/wp-content\/gallery\/hotel-im-harz\/thumbs\/thumbs_romerpils-1400.jpg\"\n                    width=\"100\"\n                    height=\"75\"\n                    style=\"max-width:100%;\"\n                \/>\n            <\/a>\n        <\/div>\n\t\t\t\t\t\t\t<\/div> \n\t\t\t\n\t\t\t\t<div id=\"ngg-image-12\" class=\"ngg-gallery-thumbnail-box \" >\n\t\t\t\t        <div class=\"ngg-gallery-thumbnail\">\n            <a href=\"https:\/\/www.byter.de\/wordpress\/wp-content\/gallery\/hotel-im-harz\/saal-keller1-1400.jpg\"\n               title=\"Der Weihnachtsbaum steht auch noch...\"\n               data-src=\"https:\/\/www.byter.de\/wordpress\/wp-content\/gallery\/hotel-im-harz\/saal-keller1-1400.jpg\"\n               data-thumbnail=\"https:\/\/www.byter.de\/wordpress\/wp-content\/gallery\/hotel-im-harz\/thumbs\/thumbs_saal-keller1-1400.jpg\"\n               data-image-id=\"60\"\n               data-title=\"saal-keller1-1400\"\n               data-description=\"Der Weihnachtsbaum steht auch noch...\"\n               data-image-slug=\"saal-keller1-1400\"\n               class=\"ngg-fancybox\" rel=\"d3b55693aaf098d72c1632527eed710a\">\n                <img\n                    title=\"saal-keller1-1400\"\n                    alt=\"saal-keller1-1400\"\n                    src=\"https:\/\/www.byter.de\/wordpress\/wp-content\/gallery\/hotel-im-harz\/thumbs\/thumbs_saal-keller1-1400.jpg\"\n                    width=\"100\"\n                    height=\"75\"\n                    style=\"max-width:100%;\"\n                \/>\n            <\/a>\n        <\/div>\n\t\t\t\t\t\t\t<\/div> \n\t\t\t\n\t\t\t\t<div id=\"ngg-image-13\" class=\"ngg-gallery-thumbnail-box \" >\n\t\t\t\t        <div class=\"ngg-gallery-thumbnail\">\n            <a href=\"https:\/\/www.byter.de\/wordpress\/wp-content\/gallery\/hotel-im-harz\/telefonzentrale2-1400.jpg\"\n               title=\"Telefonzentrale 2\"\n               data-src=\"https:\/\/www.byter.de\/wordpress\/wp-content\/gallery\/hotel-im-harz\/telefonzentrale2-1400.jpg\"\n               data-thumbnail=\"https:\/\/www.byter.de\/wordpress\/wp-content\/gallery\/hotel-im-harz\/thumbs\/thumbs_telefonzentrale2-1400.jpg\"\n               data-image-id=\"64\"\n               data-title=\"telefonzentrale2-1400\"\n               data-description=\"Telefonzentrale 2\"\n               data-image-slug=\"telefonzentrale2-1400\"\n               class=\"ngg-fancybox\" rel=\"d3b55693aaf098d72c1632527eed710a\">\n                <img\n                    title=\"telefonzentrale2-1400\"\n                    alt=\"telefonzentrale2-1400\"\n                    src=\"https:\/\/www.byter.de\/wordpress\/wp-content\/gallery\/hotel-im-harz\/thumbs\/thumbs_telefonzentrale2-1400.jpg\"\n                    width=\"100\"\n                    height=\"75\"\n                    style=\"max-width:100%;\"\n                \/>\n            <\/a>\n        <\/div>\n\t\t\t\t\t\t\t<\/div> \n\t\t\t\n\t\t\t\t<div id=\"ngg-image-14\" class=\"ngg-gallery-thumbnail-box \" >\n\t\t\t\t        <div class=\"ngg-gallery-thumbnail\">\n            <a href=\"https:\/\/www.byter.de\/wordpress\/wp-content\/gallery\/hotel-im-harz\/vitrine-1000h.jpg\"\n               title=\"Vitrine\"\n               data-src=\"https:\/\/www.byter.de\/wordpress\/wp-content\/gallery\/hotel-im-harz\/vitrine-1000h.jpg\"\n               data-thumbnail=\"https:\/\/www.byter.de\/wordpress\/wp-content\/gallery\/hotel-im-harz\/thumbs\/thumbs_vitrine-1000h.jpg\"\n               data-image-id=\"65\"\n               data-title=\"vitrine-1000h\"\n               data-description=\"Vitrine\"\n               data-image-slug=\"vitrine-1000h\"\n               class=\"ngg-fancybox\" rel=\"d3b55693aaf098d72c1632527eed710a\">\n                <img\n                    title=\"vitrine-1000h\"\n                    alt=\"vitrine-1000h\"\n                    src=\"https:\/\/www.byter.de\/wordpress\/wp-content\/gallery\/hotel-im-harz\/thumbs\/thumbs_vitrine-1000h.jpg\"\n                    width=\"100\"\n                    height=\"75\"\n                    style=\"max-width:100%;\"\n                \/>\n            <\/a>\n        <\/div>\n\t\t\t\t\t\t\t<\/div> \n\t\t\t\n\t\n\t<br style=\"clear: both\" \/>\n\n\t\n\t\t<!-- Pagination -->\n\t<div class='ngg-clear'><\/div>\t<\/div>\n\n","protected":false},"excerpt":{"rendered":"<p>Harzer Gastlichkeit&#8230; &#8230;war nicht mehr wirklich zu sp\u00fcren, aber ein Hauch von ehemaligem Luxus gab es durchaus noch zu entdecken. Teil 2 der Bilderserie der gemeinsamen LP- und Foto-Tour mit Team JeMa zeigt Euch einige Bilder eines ehemaligenLuxushotels im Harz. &hellip; <a href=\"https:\/\/www.byter.de\/wordpress\/?page_id=132\">Weiterlesen <span class=\"meta-nav\">&rarr;<\/span><\/a><\/p>\n","protected":false},"author":1,"featured_media":0,"parent":45,"menu_order":45,"comment_status":"open","ping_status":"open","template":"","meta":{"ngg_post_thumbnail":0},"_links":{"self":[{"href":"https:\/\/www.byter.de\/wordpress\/index.php?rest_route=\/wp\/v2\/pages\/132"}],"collection":[{"href":"https:\/\/www.byter.de\/wordpress\/index.php?rest_route=\/wp\/v2\/pages"}],"about":[{"href":"https:\/\/www.byter.de\/wordpress\/index.php?rest_route=\/wp\/v2\/types\/page"}],"author":[{"embeddable":true,"href":"https:\/\/www.byter.de\/wordpress\/index.php?rest_route=\/wp\/v2\/users\/1"}],"replies":[{"embeddable":true,"href":"https:\/\/www.byter.de\/wordpress\/index.php?rest_route=%2Fwp%2Fv2%2Fcomments&post=132"}],"version-history":[{"count":3,"href":"https:\/\/www.byter.de\/wordpress\/index.php?rest_route=\/wp\/v2\/pages\/132\/revisions"}],"predecessor-version":[{"id":330,"href":"https:\/\/www.byter.de\/wordpress\/index.php?rest_route=\/wp\/v2\/pages\/132\/revisions\/330"}],"up":[{"embeddable":true,"href":"https:\/\/www.byter.de\/wordpress\/index.php?rest_route=\/wp\/v2\/pages\/45"}],"wp:attachment":[{"href":"https:\/\/www.byter.de\/wordpress\/index.php?rest_route=%2Fwp%2Fv2%2Fmedia&parent=132"}],"curies":[{"name":"wp","href":"https:\/\/api.w.org\/{rel}","templated":true}]}}